{"id":308,"date":"2023-09-27T10:53:40","date_gmt":"2023-09-27T08:53:40","guid":{"rendered":"https:\/\/www.le-renaissance.com\/?page_id=308"},"modified":"2026-03-24T21:42:16","modified_gmt":"2026-03-24T20:42:16","slug":"evenements-et-location-de-salle","status":"publish","type":"page","link":"https:\/\/www.le-renaissance.com\/en\/evenements-et-location-de-salle\/","title":{"rendered":"Events and room rentals"},"content":{"rendered":"<div data-elementor-type=\"wp-page\" data-elementor-id=\"308\" class=\"elementor elementor-308\" data-elementor-post-type=\"page\">\n\t\t\t\t<div class=\"elementor-element elementor-element-e5a58f6 e-flex e-con-boxed e-con e-parent\" data-id=\"e5a58f6\" data-element_type=\"container\" data-settings=\"{&quot;background_background&quot;:&quot;classic&quot;,&quot;jet_parallax_layout_list&quot;:[]}\">\n\t\t\t\t\t<div class=\"e-con-inner\">\n\t\t\t\t<div class=\"elementor-element elementor-element-e7a630f jet-breadcrumbs-align-center elementor-widget elementor-widget-jet-breadcrumbs\" data-id=\"e7a630f\" data-element_type=\"widget\" data-widget_type=\"jet-breadcrumbs.default\">\n\t\t\t\t<div class=\"elementor-widget-container\">\n\t\t\t\t\t<div class=\"elementor-jet-breadcrumbs jet-blocks\">\n\t\t<div class=\"jet-breadcrumbs\">\n\t\t<div class=\"jet-breadcrumbs__content\">\n\t\t<div class=\"jet-breadcrumbs__wrap\"><div class=\"jet-breadcrumbs__item\"><a href=\"https:\/\/www.le-renaissance.com\/en\/\" class=\"jet-breadcrumbs__item-link is-home\" rel=\"home\" title=\"Renaissance Hotel\">Renaissance Hotel<\/a><\/div>\n\t\t<\/div>\n\t\t<\/div>\n\t\t<\/div><\/div>\t\t\t\t<\/div>\n\t\t\t\t<\/div>\n\t\t\t\t\t<\/div>\n\t\t\t\t<\/div>\n\t\t<div class=\"elementor-element elementor-element-9da6ddc e-flex e-con-boxed e-con e-parent\" data-id=\"9da6ddc\" data-element_type=\"container\" data-settings=\"{&quot;background_background&quot;:&quot;classic&quot;,&quot;jet_parallax_layout_list&quot;:[]}\">\n\t\t\t\t\t<div class=\"e-con-inner\">\n\t\t<div class=\"elementor-element elementor-element-4cf04f7 e-con-full e-flex e-con e-child\" data-id=\"4cf04f7\" data-element_type=\"container\" data-settings=\"{&quot;jet_parallax_layout_list&quot;:[]}\">\n\t\t\t\t<div class=\"elementor-element elementor-element-856a240 elementor-widget-mobile__width-inherit elementor-widget elementor-widget-heading\" data-id=\"856a240\" data-element_type=\"widget\" data-widget_type=\"heading.default\">\n\t\t\t\t<div class=\"elementor-widget-container\">\n\t\t\t\t\t<p class=\"elementor-heading-title elementor-size-default\">Room rentals <\/p>\t\t\t\t<\/div>\n\t\t\t\t<\/div>\n\t\t\t\t<div class=\"elementor-element elementor-element-72e67ab elementor-widget elementor-widget-heading\" data-id=\"72e67ab\" data-element_type=\"widget\" data-widget_type=\"heading.default\">\n\t\t\t\t<div class=\"elementor-widget-container\">\n\t\t\t\t\t<h2 class=\"elementor-heading-title elementor-size-default\">Room rental for seminars and meetings<\/h2>\t\t\t\t<\/div>\n\t\t\t\t<\/div>\n\t\t\t\t<div class=\"elementor-element elementor-element-ec69eba elementor-widget elementor-widget-text-editor\" data-id=\"ec69eba\" data-element_type=\"widget\" data-widget_type=\"text-editor.default\">\n\t\t\t\t<div class=\"elementor-widget-container\">\n\t\t\t\t\t\t\t\t\t<p>Our hotel-restaurant Le renaissance in Mont de Marsan is a place where you can relax and work, with different facilities and adapted services, such as intimate meeting rooms or spaces for seminars that can accommodate <b>up to 80 people<\/b>.<\/p><p>\u00a0<\/p><p><b>Our 3 meeting and seminar rooms<\/b> are available for rent at our hotel in Mont-de-Marsan and offer modular spaces to perfectly adapt to your specific needs. Whether you need an intimate space for confidential discussions or a large room to accommodate a large number of participants, we have the ideal room for you. Our rooms are equipped with the latest audiovisual technology and the necessary equipment to ensure the smooth running of your presentations and meetings.<\/p>\t\t\t\t\t\t\t\t<\/div>\n\t\t\t\t<\/div>\n\t\t\t\t<div class=\"elementor-element elementor-element-a305f80 elementor-align-left elementor-widget-tablet__width-inherit elementor-tablet-align-left elementor-widget elementor-widget-button\" data-id=\"a305f80\" data-element_type=\"widget\" data-widget_type=\"button.default\">\n\t\t\t\t<div class=\"elementor-widget-container\">\n\t\t\t\t\t\t\t\t\t<div class=\"elementor-button-wrapper\">\n\t\t\t\t\t<a class=\"elementor-button elementor-button-link elementor-size-sm\" href=\"https:\/\/www.le-renaissance.com\/evenements\/seminaire-et-reunions\/\">\n\t\t\t\t\t\t<span class=\"elementor-button-content-wrapper\">\n\t\t\t\t\t\t\t\t\t<span class=\"elementor-button-text\">discover our rooms<\/span>\n\t\t\t\t\t<\/span>\n\t\t\t\t\t<\/a>\n\t\t\t\t<\/div>\n\t\t\t\t\t\t\t\t<\/div>\n\t\t\t\t<\/div>\n\t\t\t\t<\/div>\n\t\t<div class=\"elementor-element elementor-element-9932b8b e-con-full elementor-hidden-tablet elementor-hidden-mobile e-flex e-con e-child\" data-id=\"9932b8b\" data-element_type=\"container\" data-settings=\"{&quot;jet_parallax_layout_list&quot;:[]}\">\n\t\t\t\t<div class=\"elementor-element elementor-element-0005bba elementor-widget elementor-widget-image\" data-id=\"0005bba\" data-element_type=\"widget\" data-widget_type=\"image.default\">\n\t\t\t\t<div class=\"elementor-widget-container\">\n\t\t\t\t\t\t\t\t\t\t\t\t\t\t\t<img fetchpriority=\"high\" decoding=\"async\" width=\"1024\" height=\"768\" src=\"https:\/\/www.le-renaissance.com\/wp-content\/uploads\/2023\/09\/salle_hemingway-1024x768.jpeg\" class=\"attachment-large size-large wp-image-541\" alt=\"Salle de s\u00e9minaire am\u00e9nag\u00e9e dans un h\u00f4tel restaurant\" srcset=\"https:\/\/www.le-renaissance.com\/wp-content\/uploads\/2023\/09\/salle_hemingway-1024x768.jpeg 1024w, https:\/\/www.le-renaissance.com\/wp-content\/uploads\/2023\/09\/salle_hemingway-600x450.jpeg 600w, https:\/\/www.le-renaissance.com\/wp-content\/uploads\/2023\/09\/salle_hemingway-300x225.jpeg 300w, https:\/\/www.le-renaissance.com\/wp-content\/uploads\/2023\/09\/salle_hemingway-768x576.jpeg 768w, https:\/\/www.le-renaissance.com\/wp-content\/uploads\/2023\/09\/salle_hemingway.jpeg 1366w\" sizes=\"(max-width: 1024px) 100vw, 1024px\" \/>\t\t\t\t\t\t\t\t\t\t\t\t\t\t\t<\/div>\n\t\t\t\t<\/div>\n\t\t\t\t<\/div>\n\t\t\t\t\t<\/div>\n\t\t\t\t<\/div>\n\t\t<div class=\"elementor-element elementor-element-9189cd9 e-flex e-con-boxed e-con e-parent\" data-id=\"9189cd9\" data-element_type=\"container\" data-settings=\"{&quot;background_background&quot;:&quot;classic&quot;,&quot;jet_parallax_layout_list&quot;:[]}\">\n\t\t\t\t\t<div class=\"e-con-inner\">\n\t\t\t\t<div class=\"elementor-element elementor-element-2bb8df7 elementor-widget__width-inherit elementor-hidden-mobile elementor-hidden-tablet elementor-widget elementor-widget-image\" data-id=\"2bb8df7\" data-element_type=\"widget\" data-widget_type=\"image.default\">\n\t\t\t\t<div class=\"elementor-widget-container\">\n\t\t\t\t\t\t\t\t\t\t\t\t\t\t\t<img decoding=\"async\" width=\"2\" height=\"122\" src=\"https:\/\/www.le-renaissance.com\/wp-content\/uploads\/2023\/09\/Ligne-1.png\" class=\"attachment-large size-large wp-image-87\" alt=\"\" \/>\t\t\t\t\t\t\t\t\t\t\t\t\t\t\t<\/div>\n\t\t\t\t<\/div>\n\t\t<div class=\"elementor-element elementor-element-82084bc e-con-full e-flex e-con e-child\" data-id=\"82084bc\" data-element_type=\"container\" data-settings=\"{&quot;jet_parallax_layout_list&quot;:[]}\">\n\t\t\t\t<div class=\"elementor-element elementor-element-9d15e91 elementor-widget elementor-widget-image\" data-id=\"9d15e91\" data-element_type=\"widget\" data-widget_type=\"image.default\">\n\t\t\t\t<div class=\"elementor-widget-container\">\n\t\t\t\t\t\t\t\t\t\t\t\t\t\t\t<img decoding=\"async\" width=\"1024\" height=\"768\" src=\"https:\/\/www.le-renaissance.com\/wp-content\/uploads\/2023\/09\/IMG_6601-1024x768.jpeg\" class=\"attachment-large size-large wp-image-686\" alt=\"salle de r\u00e9union \u00e0 mont de marsan\" srcset=\"https:\/\/www.le-renaissance.com\/wp-content\/uploads\/2023\/09\/IMG_6601-1024x768.jpeg 1024w, https:\/\/www.le-renaissance.com\/wp-content\/uploads\/2023\/09\/IMG_6601-scaled-600x450.jpeg 600w, https:\/\/www.le-renaissance.com\/wp-content\/uploads\/2023\/09\/IMG_6601-300x225.jpeg 300w, https:\/\/www.le-renaissance.com\/wp-content\/uploads\/2023\/09\/IMG_6601-768x576.jpeg 768w, https:\/\/www.le-renaissance.com\/wp-content\/uploads\/2023\/09\/IMG_6601-1536x1152.jpeg 1536w, https:\/\/www.le-renaissance.com\/wp-content\/uploads\/2023\/09\/IMG_6601-2048x1536.jpeg 2048w\" sizes=\"(max-width: 1024px) 100vw, 1024px\" \/>\t\t\t\t\t\t\t\t\t\t\t\t\t\t\t<\/div>\n\t\t\t\t<\/div>\n\t\t\t\t<\/div>\n\t\t<div class=\"elementor-element elementor-element-facc203 e-con-full e-flex e-con e-child\" data-id=\"facc203\" data-element_type=\"container\" data-settings=\"{&quot;jet_parallax_layout_list&quot;:[]}\">\n\t\t\t\t<div class=\"elementor-element elementor-element-1273a62 elementor-widget elementor-widget-text-editor\" data-id=\"1273a62\" data-element_type=\"widget\" data-widget_type=\"text-editor.default\">\n\t\t\t\t<div class=\"elementor-widget-container\">\n\t\t\t\t\t\t\t\t\tBy choosing Le Renaissance for your professional events, you also benefit from a tailor-made service and a dedicated team to meet all your needs. Our experienced staff is at your disposal to assist you in organizing your event, from setting up the meeting room to managing meals and coffee breaks. In addition, our privileged location near the center of Mont-de-Marsan makes it easy for all your employees or participants to access our establishment. Whether you come by car or public transport, you will easily find our hotel and our reception rooms. Choose Le Renaissance for your professional events and offer your employees an elegant and functional setting to work efficiently while enjoying an environment conducive to relaxation and concentration. Contact us today to book one of our meeting rooms and make your event a success. \n\t\t\t\t\t\t\t\t<\/div>\n\t\t\t\t<\/div>\n\t\t\t\t<div class=\"elementor-element elementor-element-a03bae9 elementor-align-left elementor-widget-tablet__width-inherit elementor-tablet-align-left elementor-widget elementor-widget-button\" data-id=\"a03bae9\" data-element_type=\"widget\" data-widget_type=\"button.default\">\n\t\t\t\t<div class=\"elementor-widget-container\">\n\t\t\t\t\t\t\t\t\t<div class=\"elementor-button-wrapper\">\n\t\t\t\t\t<a class=\"elementor-button elementor-button-link elementor-size-sm\" href=\"https:\/\/www.le-renaissance.com\/evenements\/seminaire-et-reunions\/\">\n\t\t\t\t\t\t<span class=\"elementor-button-content-wrapper\">\n\t\t\t\t\t\t\t\t\t<span class=\"elementor-button-text\">discover our rooms<\/span>\n\t\t\t\t\t<\/span>\n\t\t\t\t\t<\/a>\n\t\t\t\t<\/div>\n\t\t\t\t\t\t\t\t<\/div>\n\t\t\t\t<\/div>\n\t\t\t\t<\/div>\n\t\t\t\t\t<\/div>\n\t\t\t\t<\/div>\n\t\t<div class=\"elementor-element elementor-element-151ffa5 e-flex e-con-boxed e-con e-parent\" data-id=\"151ffa5\" data-element_type=\"container\" data-settings=\"{&quot;background_background&quot;:&quot;classic&quot;,&quot;jet_parallax_layout_list&quot;:[]}\">\n\t\t\t\t\t<div class=\"e-con-inner\">\n\t\t<div class=\"elementor-element elementor-element-9299bd2 e-con-full e-flex e-con e-child\" data-id=\"9299bd2\" data-element_type=\"container\" data-settings=\"{&quot;jet_parallax_layout_list&quot;:[]}\">\n\t\t\t\t<div class=\"elementor-element elementor-element-d96710b elementor-widget-mobile__width-inherit elementor-widget elementor-widget-heading\" data-id=\"d96710b\" data-element_type=\"widget\" data-widget_type=\"heading.default\">\n\t\t\t\t<div class=\"elementor-widget-container\">\n\t\t\t\t\t<p class=\"elementor-heading-title elementor-size-default\">events<\/p>\t\t\t\t<\/div>\n\t\t\t\t<\/div>\n\t\t\t\t<div class=\"elementor-element elementor-element-52f5763 elementor-widget elementor-widget-heading\" data-id=\"52f5763\" data-element_type=\"widget\" data-widget_type=\"heading.default\">\n\t\t\t\t<div class=\"elementor-widget-container\">\n\t\t\t\t\t<h2 class=\"elementor-heading-title elementor-size-default\">Wedding reception hall rental<\/h2>\t\t\t\t<\/div>\n\t\t\t\t<\/div>\n\t\t\t\t<div class=\"elementor-element elementor-element-2928334 elementor-widget elementor-widget-text-editor\" data-id=\"2928334\" data-element_type=\"widget\" data-widget_type=\"text-editor.default\">\n\t\t\t\t<div class=\"elementor-widget-container\">\n\t\t\t\t\t\t\t\t\t<p>The Renaissance hotel-restaurant located in Mont-de-Marsan offers you an ideal setting for hosting your private events, whether weddings, birthdays, cocktails or family meals. Our establishment offers you elegant and functional spaces to celebrate these unique moments in your life. Whether you dream of a romantic ceremony in our charming wooded park or a chic and friendly reception in our refined lounges, we are here to make your wishes come true.<\/p><p>Our reception rooms are designed to accommodate your guests in the greatest comfort, with flexible capacity to adapt to your specific needs.<\/p><p><span style=\"text-align: start; background-color: #f8f5f0;\">Whether you are planning an intimate wedding or a large celebration, we have the perfect space for you with our function rooms available for rent. Plus, our experienced team is on hand to help you plan and organize every detail of your event, from choosing the menu to decorating the room.<\/span><\/p>\t\t\t\t\t\t\t\t<\/div>\n\t\t\t\t<\/div>\n\t\t\t\t<div class=\"elementor-element elementor-element-4be9f46 elementor-align-left elementor-widget-tablet__width-inherit elementor-tablet-align-left elementor-widget elementor-widget-button\" data-id=\"4be9f46\" data-element_type=\"widget\" data-widget_type=\"button.default\">\n\t\t\t\t<div class=\"elementor-widget-container\">\n\t\t\t\t\t\t\t\t\t<div class=\"elementor-button-wrapper\">\n\t\t\t\t\t<a class=\"elementor-button elementor-button-link elementor-size-sm\" href=\"https:\/\/www.le-renaissance.com\/evenements\/seminaire-et-reunions\/\">\n\t\t\t\t\t\t<span class=\"elementor-button-content-wrapper\">\n\t\t\t\t\t\t\t\t\t<span class=\"elementor-button-text\">discover our rooms<\/span>\n\t\t\t\t\t<\/span>\n\t\t\t\t\t<\/a>\n\t\t\t\t<\/div>\n\t\t\t\t\t\t\t\t<\/div>\n\t\t\t\t<\/div>\n\t\t\t\t<\/div>\n\t\t<div class=\"elementor-element elementor-element-9ebc41f e-con-full elementor-hidden-tablet elementor-hidden-mobile e-flex e-con e-child\" data-id=\"9ebc41f\" data-element_type=\"container\" data-settings=\"{&quot;jet_parallax_layout_list&quot;:[]}\">\n\t\t\t\t<div class=\"elementor-element elementor-element-5463690 elementor-widget elementor-widget-image\" data-id=\"5463690\" data-element_type=\"widget\" data-widget_type=\"image.default\">\n\t\t\t\t<div class=\"elementor-widget-container\">\n\t\t\t\t\t\t\t\t\t\t\t\t\t\t\t<img loading=\"lazy\" decoding=\"async\" width=\"768\" height=\"1024\" src=\"https:\/\/www.le-renaissance.com\/wp-content\/uploads\/2023\/09\/IMG_2546-768x1024.jpeg\" class=\"attachment-large size-large wp-image-675\" alt=\"\" srcset=\"https:\/\/www.le-renaissance.com\/wp-content\/uploads\/2023\/09\/IMG_2546-768x1024.jpeg 768w, https:\/\/www.le-renaissance.com\/wp-content\/uploads\/2023\/09\/IMG_2546-scaled-600x800.jpeg 600w, https:\/\/www.le-renaissance.com\/wp-content\/uploads\/2023\/09\/IMG_2546-225x300.jpeg 225w, https:\/\/www.le-renaissance.com\/wp-content\/uploads\/2023\/09\/IMG_2546-1152x1536.jpeg 1152w, https:\/\/www.le-renaissance.com\/wp-content\/uploads\/2023\/09\/IMG_2546-1536x2048.jpeg 1536w, https:\/\/www.le-renaissance.com\/wp-content\/uploads\/2023\/09\/IMG_2546-scaled.jpeg 1920w\" sizes=\"(max-width: 768px) 100vw, 768px\" \/>\t\t\t\t\t\t\t\t\t\t\t\t\t\t\t<\/div>\n\t\t\t\t<\/div>\n\t\t\t\t<\/div>\n\t\t\t\t\t<\/div>\n\t\t\t\t<\/div>\n\t\t<div class=\"elementor-element elementor-element-69e2939 e-flex e-con-boxed e-con e-parent\" data-id=\"69e2939\" data-element_type=\"container\" data-settings=\"{&quot;background_background&quot;:&quot;classic&quot;,&quot;jet_parallax_layout_list&quot;:[]}\">\n\t\t\t\t\t<div class=\"e-con-inner\">\n\t\t\t\t<div class=\"elementor-element elementor-element-16d5b5b elementor-widget__width-inherit elementor-hidden-mobile elementor-hidden-tablet elementor-widget elementor-widget-image\" data-id=\"16d5b5b\" data-element_type=\"widget\" data-widget_type=\"image.default\">\n\t\t\t\t<div class=\"elementor-widget-container\">\n\t\t\t\t\t\t\t\t\t\t\t\t\t\t\t<img decoding=\"async\" width=\"2\" height=\"122\" src=\"https:\/\/www.le-renaissance.com\/wp-content\/uploads\/2023\/09\/Ligne-1.png\" class=\"attachment-large size-large wp-image-87\" alt=\"\" \/>\t\t\t\t\t\t\t\t\t\t\t\t\t\t\t<\/div>\n\t\t\t\t<\/div>\n\t\t<div class=\"elementor-element elementor-element-50de4c5 e-con-full e-flex e-con e-child\" data-id=\"50de4c5\" data-element_type=\"container\" data-settings=\"{&quot;jet_parallax_layout_list&quot;:[]}\">\n\t\t\t\t<div class=\"elementor-element elementor-element-1e4734b elementor-widget elementor-widget-image\" data-id=\"1e4734b\" data-element_type=\"widget\" data-widget_type=\"image.default\">\n\t\t\t\t<div class=\"elementor-widget-container\">\n\t\t\t\t\t\t\t\t\t\t\t\t\t\t\t<img loading=\"lazy\" decoding=\"async\" width=\"1024\" height=\"768\" src=\"https:\/\/www.le-renaissance.com\/wp-content\/uploads\/2024\/02\/mariage-dehors--1024x768.jpeg\" class=\"attachment-large size-large wp-image-3548\" alt=\"mariage H\u00f4tel- le Renaissance Mont de Marsan\" srcset=\"https:\/\/www.le-renaissance.com\/wp-content\/uploads\/2024\/02\/mariage-dehors--1024x768.jpeg 1024w, https:\/\/www.le-renaissance.com\/wp-content\/uploads\/2024\/02\/mariage-dehors--300x225.jpeg 300w, https:\/\/www.le-renaissance.com\/wp-content\/uploads\/2024\/02\/mariage-dehors--768x576.jpeg 768w, https:\/\/www.le-renaissance.com\/wp-content\/uploads\/2024\/02\/mariage-dehors--1536x1152.jpeg 1536w, https:\/\/www.le-renaissance.com\/wp-content\/uploads\/2024\/02\/mariage-dehors--2048x1536.jpeg 2048w, https:\/\/www.le-renaissance.com\/wp-content\/uploads\/2024\/02\/mariage-dehors--16x12.jpeg 16w, https:\/\/www.le-renaissance.com\/wp-content\/uploads\/2024\/02\/mariage-dehors--600x450.jpeg 600w\" sizes=\"(max-width: 1024px) 100vw, 1024px\" \/>\t\t\t\t\t\t\t\t\t\t\t\t\t\t\t<\/div>\n\t\t\t\t<\/div>\n\t\t\t\t<\/div>\n\t\t<div class=\"elementor-element elementor-element-8e7eab8 e-con-full e-flex e-con e-child\" data-id=\"8e7eab8\" data-element_type=\"container\" data-settings=\"{&quot;jet_parallax_layout_list&quot;:[]}\">\n\t\t\t\t<div class=\"elementor-element elementor-element-5c695b9 elementor-widget-mobile__width-inherit elementor-widget elementor-widget-heading\" data-id=\"5c695b9\" data-element_type=\"widget\" data-widget_type=\"heading.default\">\n\t\t\t\t<div class=\"elementor-widget-container\">\n\t\t\t\t\t<p class=\"elementor-heading-title elementor-size-default\">events<\/p>\t\t\t\t<\/div>\n\t\t\t\t<\/div>\n\t\t\t\t<div class=\"elementor-element elementor-element-07d9cba elementor-widget elementor-widget-heading\" data-id=\"07d9cba\" data-element_type=\"widget\" data-widget_type=\"heading.default\">\n\t\t\t\t<div class=\"elementor-widget-container\">\n\t\t\t\t\t<h2 class=\"elementor-heading-title elementor-size-default\">Wedding reception hall rental\n\n<\/h2>\t\t\t\t<\/div>\n\t\t\t\t<\/div>\n\t\t\t\t<div class=\"elementor-element elementor-element-5ab7600 elementor-widget elementor-widget-text-editor\" data-id=\"5ab7600\" data-element_type=\"widget\" data-widget_type=\"text-editor.default\">\n\t\t\t\t<div class=\"elementor-widget-container\">\n\t\t\t\t\t\t\t\t\t<p><span style=\"font-style: inherit; font-weight: inherit; color: var( --e-global-color-text ); text-align: var(--text-align); background-color: var( --e-global-color-ed2011b );\">Also take advantage of our restaurant to treat your guests with refined and tasty cuisine, prepared with fresh, quality products and which highlights the products of the Landes region. Our chef is at your disposal to create a tailor-made menu that will satisfy all palates and make your event a unique moment.<\/span><\/p><p><b>Do not hesitate to contact us<\/b> for your specific requests for a reception room for your wedding, cocktail party or family event in Mont-de-Marsan. We will be happy to study with you a personalized formula according to your wishes and your budget. Whether you dream of a romantic outdoor wedding or an elegant reception in a prestigious setting, Le Renaissance is the ideal place to make your dreams come true. Contact us today to reserve your date and start planning your event.<\/p>\t\t\t\t\t\t\t\t<\/div>\n\t\t\t\t<\/div>\n\t\t\t\t<div class=\"elementor-element elementor-element-75a7245 elementor-align-left elementor-widget-tablet__width-inherit elementor-tablet-align-left elementor-widget elementor-widget-button\" data-id=\"75a7245\" data-element_type=\"widget\" data-widget_type=\"button.default\">\n\t\t\t\t<div class=\"elementor-widget-container\">\n\t\t\t\t\t\t\t\t\t<div class=\"elementor-button-wrapper\">\n\t\t\t\t\t<a class=\"elementor-button elementor-button-link elementor-size-sm\" href=\"https:\/\/www.le-renaissance.com\/evenements\/mariages-et-cocktails\/\">\n\t\t\t\t\t\t<span class=\"elementor-button-content-wrapper\">\n\t\t\t\t\t\t\t\t\t<span class=\"elementor-button-text\">Discover our offer<\/span>\n\t\t\t\t\t<\/span>\n\t\t\t\t\t<\/a>\n\t\t\t\t<\/div>\n\t\t\t\t\t\t\t\t<\/div>\n\t\t\t\t<\/div>\n\t\t\t\t<\/div>\n\t\t\t\t\t<\/div>\n\t\t\t\t<\/div>\n\t\t\t\t<\/div>","protected":false},"excerpt":{"rendered":"<p>Hotel le Renaissance Room rentals Room rental for seminars and meetings Our hotel-restaurant Le renaissance in Mont de Marsan is a place where you can relax and work, with different facilities and services adapted, such as intimate meeting rooms or spaces for seminars that can accommodate up to 80 people. [\u2026]<\/p>","protected":false},"author":1,"featured_media":496,"parent":0,"menu_order":0,"comment_status":"closed","ping_status":"closed","template":"","meta":{"_seopress_robots_primary_cat":"","_seopress_titles_title":"Ev\u00e8nements et location de salles | H\u00f4tel Le Renaissance","_seopress_titles_desc":"Un \u00e9v\u00e8nement \u00e0 f\u00eater ou un rendez-vous professionnel \u00e0 assurer ? Profitez de notre service de location de salle pour b\u00e9n\u00e9ficier des meilleures conditions","_seopress_robots_index":"","site-sidebar-layout":"no-sidebar","site-content-layout":"","ast-site-content-layout":"full-width-container","site-content-style":"default","site-sidebar-style":"default","ast-global-header-display":"","ast-banner-title-visibility":"","ast-main-header-display":"","ast-hfb-above-header-display":"","ast-hfb-below-header-display":"","ast-hfb-mobile-header-display":"","site-post-title":"disabled","ast-breadcrumbs-content":"","ast-featured-img":"disabled","footer-sml-layout":"","ast-disable-related-posts":"","theme-transparent-header-meta":"","adv-header-id-meta":"","stick-header-meta":"","header-above-stick-meta":"","header-main-stick-meta":"","header-below-stick-meta":"","astra-migrate-meta-layouts":"default","ast-page-background-enabled":"default","ast-page-background-meta":{"desktop":{"background-color":"var(--ast-global-color-4)","background-image":"","background-repeat":"repeat","background-position":"center center","background-size":"auto","background-attachment":"scroll","background-type":"","background-media":"","overlay-type":"","overlay-color":"","overlay-opacity":"","overlay-gradient":""},"tablet":{"background-color":"","background-image":"","background-repeat":"repeat","background-position":"center center","background-size":"auto","background-attachment":"scroll","background-type":"","background-media":"","overlay-type":"","overlay-color":"","overlay-opacity":"","overlay-gradient":""},"mobile":{"background-color":"","background-image":"","background-repeat":"repeat","background-position":"center center","background-size":"auto","background-attachment":"scroll","background-type":"","background-media":"","overlay-type":"","overlay-color":"","overlay-opacity":"","overlay-gradient":""}},"ast-content-background-meta":{"desktop":{"background-color":"var(--ast-global-color-5)","background-image":"","background-repeat":"repeat","background-position":"center center","background-size":"auto","background-attachment":"scroll","background-type":"","background-media":"","overlay-type":"","overlay-color":"","overlay-opacity":"","overlay-gradient":""},"tablet":{"background-color":"var(--ast-global-color-5)","background-image":"","background-repeat":"repeat","background-position":"center center","background-size":"auto","background-attachment":"scroll","background-type":"","background-media":"","overlay-type":"","overlay-color":"","overlay-opacity":"","overlay-gradient":""},"mobile":{"background-color":"var(--ast-global-color-5)","background-image":"","background-repeat":"repeat","background-position":"center center","background-size":"auto","background-attachment":"scroll","background-type":"","background-media":"","overlay-type":"","overlay-color":"","overlay-opacity":"","overlay-gradient":""}},"footnotes":""},"class_list":["post-308","page","type-page","status-publish","has-post-thumbnail","hentry"],"_links":{"self":[{"href":"https:\/\/www.le-renaissance.com\/en\/wp-json\/wp\/v2\/pages\/308","targetHints":{"allow":["GET"]}}],"collection":[{"href":"https:\/\/www.le-renaissance.com\/en\/wp-json\/wp\/v2\/pages"}],"about":[{"href":"https:\/\/www.le-renaissance.com\/en\/wp-json\/wp\/v2\/types\/page"}],"author":[{"embeddable":true,"href":"https:\/\/www.le-renaissance.com\/en\/wp-json\/wp\/v2\/users\/1"}],"replies":[{"embeddable":true,"href":"https:\/\/www.le-renaissance.com\/en\/wp-json\/wp\/v2\/comments?post=308"}],"version-history":[{"count":4,"href":"https:\/\/www.le-renaissance.com\/en\/wp-json\/wp\/v2\/pages\/308\/revisions"}],"predecessor-version":[{"id":12308,"href":"https:\/\/www.le-renaissance.com\/en\/wp-json\/wp\/v2\/pages\/308\/revisions\/12308"}],"wp:featuredmedia":[{"embeddable":true,"href":"https:\/\/www.le-renaissance.com\/en\/wp-json\/wp\/v2\/media\/496"}],"wp:attachment":[{"href":"https:\/\/www.le-renaissance.com\/en\/wp-json\/wp\/v2\/media?parent=308"}],"curies":[{"name":"wp","href":"https:\/\/api.w.org\/{rel}","templated":true}]}}