{"id":182,"date":"2023-09-26T14:36:11","date_gmt":"2023-09-26T12:36:11","guid":{"rendered":"https:\/\/www.le-renaissance.com\/?page_id=182"},"modified":"2026-04-07T17:25:32","modified_gmt":"2026-04-07T15:25:32","slug":"nos-formules","status":"publish","type":"page","link":"https:\/\/www.le-renaissance.com\/es\/notre-hotel-a-mont-de-marsan\/nos-formules\/","title":{"rendered":"Nuestros paquetes de estancia"},"content":{"rendered":"<div data-elementor-type=\"wp-page\" data-elementor-id=\"182\" class=\"elementor elementor-182\" data-elementor-post-type=\"page\">\n\t\t\t\t<div class=\"elementor-element elementor-element-fddc547 e-flex e-con-boxed e-con e-parent\" data-id=\"fddc547\" data-element_type=\"container\" data-settings=\"{&quot;background_background&quot;:&quot;classic&quot;,&quot;jet_parallax_layout_list&quot;:[]}\">\n\t\t\t\t\t<div class=\"e-con-inner\">\n\t\t\t\t<div class=\"elementor-element elementor-element-4a74ca3 jet-breadcrumbs-align-center elementor-widget elementor-widget-jet-breadcrumbs\" data-id=\"4a74ca3\" data-element_type=\"widget\" data-widget_type=\"jet-breadcrumbs.default\">\n\t\t\t\t<div class=\"elementor-widget-container\">\n\t\t\t\t\t<div class=\"elementor-jet-breadcrumbs jet-blocks\">\n\t\t<div class=\"jet-breadcrumbs\">\n\t\t<div class=\"jet-breadcrumbs__content\">\n\t\t<div class=\"jet-breadcrumbs__wrap\"><div class=\"jet-breadcrumbs__item\"><a href=\"https:\/\/www.le-renaissance.com\/es\/\" class=\"jet-breadcrumbs__item-link is-home\" rel=\"home\" title=\"Hotel Renacimiento\">Hotel Renacimiento<\/a><\/div>\n\t\t<\/div>\n\t\t<\/div>\n\t\t<\/div><\/div>\t\t\t\t<\/div>\n\t\t\t\t<\/div>\n\t\t\t\t\t<\/div>\n\t\t\t\t<\/div>\n\t\t<div class=\"elementor-element elementor-element-6e32704 e-con-full e-flex e-con e-parent\" data-id=\"6e32704\" data-element_type=\"container\" data-settings=\"{&quot;jet_parallax_layout_list&quot;:[]}\">\n\t\t\t\t<div class=\"elementor-element elementor-element-1562a11 elementor-widget__width-initial elementor-widget elementor-widget-html\" data-id=\"1562a11\" data-element_type=\"widget\" data-widget_type=\"html.default\">\n\t\t\t\t<div class=\"elementor-widget-container\">\n\t\t\t\t\t<div id=\"availpro-root\"><\/div>\n<script>\n(function (d, s, id) {\nvar js, fjs = d.getElementsByTagName(s)[0], p = \/^http:\/.test(d.location) ? \"http\" : \"https\";\nif (!d.getElementById(id)) {\njs = d.createElement(s);\njs.id = id;\njs.src = \"https:\/\/widgets.secure-hotel-booking.com\/Hotel-Le-Renaissance\/2FCW\/13597\/fr\/BigCalendar\/\";\nfjs.parentNode.insertBefore(js, fjs);\n}\n})(document, \"script\", \"availpro-calendar\");\n<\/script>\n\n\n\n\t\t\t\t<\/div>\n\t\t\t\t<\/div>\n\t\t\t\t<div class=\"elementor-element elementor-element-c738de5 elementor-widget__width-initial elementor-widget elementor-widget-text-editor\" data-id=\"c738de5\" data-element_type=\"widget\" data-widget_type=\"text-editor.default\">\n\t\t\t\t<div class=\"elementor-widget-container\">\n\t\t\t\t\t\t\t\t\t<p>Descubra nuestros paquetes de estancia dise\u00f1ados para satisfacer sus necesidades. Ya sea que est\u00e9 buscando una escapada rom\u00e1ntica, una velada relajante o un viaje de negocios productivo, tenemos el paquete perfecto para usted.<\/p><p>Para un fin de semana en las Landas en Mont-de-Marsan, opte por nuestro Paquete Fin de Semana que incluye una c\u00f3moda habitaci\u00f3n doble, un delicioso desayuno y una cena para dos personas. Emp\u00e1pese del encantador ambiente de Mont de Marsan mientras disfruta de nuestro servicio de calidad en nuestro hotel con encanto en las Landas.<\/p><p><span style=\"font-family: Karla; font-size: 12pt; font-style: inherit; font-weight: inherit; color: var( --e-global-color-text ); background-color: var(--ast-global-color-5);\">\u00a0<\/span><\/p><p><span style=\"font-family: Karla; font-size: 12pt; font-style: inherit; font-weight: inherit; color: var( --e-global-color-text ); background-color: var(--ast-global-color-5);\">Los viajeros de negocios apreciar\u00e1n nuestro paquete de escala nocturna, ideal para un merecido descanso durante la semana. Disfrute de una noche de alojamiento en una de nuestras habitaciones est\u00e1ndar, seguida de cena y desayuno incluidos en nuestro restaurante. D\u00e9jese seducir por nuestra peque\u00f1a escala cuidadosamente preparada, antes de descansar c\u00f3modamente para una noche reparadora.<\/span><\/p>\t\t\t\t\t\t\t\t<\/div>\n\t\t\t\t<\/div>\n\t\t<div class=\"elementor-element elementor-element-d08d262 e-con-full e-flex e-con e-child\" data-id=\"d08d262\" data-element_type=\"container\" data-settings=\"{&quot;jet_parallax_layout_list&quot;:[]}\">\n\t\t<div class=\"elementor-element elementor-element-3e58b48 e-con-full e-flex e-con e-child\" data-id=\"3e58b48\" data-element_type=\"container\" data-settings=\"{&quot;jet_parallax_layout_list&quot;:[]}\">\n\t\t\t\t<div class=\"elementor-element elementor-element-222cf65 elementor-widget__width-auto elementor-absolute elementor-hidden-desktop elementor-hidden-tablet elementor-hidden-mobile elementor-widget elementor-widget-text-editor\" data-id=\"222cf65\" data-element_type=\"widget\" data-settings=\"{&quot;_position&quot;:&quot;absolute&quot;}\" data-widget_type=\"text-editor.default\">\n\t\t\t\t<div class=\"elementor-widget-container\">\n\t\t\t\t\t\t\t\t\t<p>165,00 \u20ac\/noche\u00a0<\/p>\t\t\t\t\t\t\t\t<\/div>\n\t\t\t\t<\/div>\n\t\t\t\t<div class=\"elementor-element elementor-element-312b19b elementor-invisible elementor-widget elementor-widget-image\" data-id=\"312b19b\" data-element_type=\"widget\" data-settings=\"{&quot;_animation&quot;:&quot;fadeInLeft&quot;}\" data-widget_type=\"image.default\">\n\t\t\t\t<div class=\"elementor-widget-container\">\n\t\t\t\t\t\t\t\t\t\t\t\t\t\t\t<img fetchpriority=\"high\" decoding=\"async\" width=\"1536\" height=\"864\" src=\"https:\/\/www.le-renaissance.com\/wp-content\/uploads\/2026\/04\/sejour-et-spectacle-le-1-1536x864.jpg\" class=\"attachment-1536x1536 size-1536x1536 wp-image-12430\" alt=\"s\u00e9jour slava&#039;s snowshow\" srcset=\"https:\/\/www.le-renaissance.com\/wp-content\/uploads\/2026\/04\/sejour-et-spectacle-le-1-1536x864.jpg 1536w, https:\/\/www.le-renaissance.com\/wp-content\/uploads\/2026\/04\/sejour-et-spectacle-le-1-300x169.jpg 300w, https:\/\/www.le-renaissance.com\/wp-content\/uploads\/2026\/04\/sejour-et-spectacle-le-1-1024x576.jpg 1024w, https:\/\/www.le-renaissance.com\/wp-content\/uploads\/2026\/04\/sejour-et-spectacle-le-1-768x432.jpg 768w, https:\/\/www.le-renaissance.com\/wp-content\/uploads\/2026\/04\/sejour-et-spectacle-le-1-18x10.jpg 18w, https:\/\/www.le-renaissance.com\/wp-content\/uploads\/2026\/04\/sejour-et-spectacle-le-1-600x338.jpg 600w, https:\/\/www.le-renaissance.com\/wp-content\/uploads\/2026\/04\/sejour-et-spectacle-le-1.jpg 1920w\" sizes=\"(max-width: 1536px) 100vw, 1536px\" \/>\t\t\t\t\t\t\t\t\t\t\t\t\t\t\t<\/div>\n\t\t\t\t<\/div>\n\t\t\t\t<\/div>\n\t\t<div class=\"elementor-element elementor-element-d0fc438 e-con-full e-flex e-con e-child\" data-id=\"d0fc438\" data-element_type=\"container\" data-settings=\"{&quot;background_background&quot;:&quot;classic&quot;,&quot;jet_parallax_layout_list&quot;:[]}\">\n\t\t\t\t<div class=\"elementor-element elementor-element-3ce81c2 elementor-widget__width-initial elementor-widget elementor-widget-heading\" data-id=\"3ce81c2\" data-element_type=\"widget\" data-widget_type=\"heading.default\">\n\t\t\t\t<div class=\"elementor-widget-container\">\n\t\t\t\t\t<h2 class=\"elementor-heading-title elementor-size-default\"><a href=\"https:\/\/www.le-renaissance.com\/es\/asperges-en-fete-au-renaissance-mont-de-marsan\/\">Slava&#039;s Snowshow Stay &amp; Show<\/a><\/h2>\t\t\t\t<\/div>\n\t\t\t\t<\/div>\n\t\t\t\t<div class=\"elementor-element elementor-element-359094b elementor-widget-mobile__width-inherit elementor-align-left animation-btn elementor-widget elementor-widget-button\" data-id=\"359094b\" data-element_type=\"widget\" data-widget_type=\"button.default\">\n\t\t\t\t<div class=\"elementor-widget-container\">\n\t\t\t\t\t\t\t\t\t<div class=\"elementor-button-wrapper\">\n\t\t\t\t\t<a class=\"elementor-button elementor-button-link elementor-size-sm\" href=\"https:\/\/www.secure-hotel-booking.com\/d-edge\/Hotel-Le-Renaissance\/2FCW\/RoomSelection\" target=\"_blank\">\n\t\t\t\t\t\t<span class=\"elementor-button-content-wrapper\">\n\t\t\t\t\t\t<span class=\"elementor-button-icon\">\n\t\t\t\t<i aria-hidden=\"true\" class=\"fas fa-arrow-right\"><\/i>\t\t\t<\/span>\n\t\t\t\t\t\t\t\t\t<span class=\"elementor-button-text\">Reserva tu estancia<\/span>\n\t\t\t\t\t<\/span>\n\t\t\t\t\t<\/a>\n\t\t\t\t<\/div>\n\t\t\t\t\t\t\t\t<\/div>\n\t\t\t\t<\/div>\n\t\t\t\t<div class=\"elementor-element elementor-element-526ca59 elementor-widget elementor-widget-text-editor\" data-id=\"526ca59\" data-element_type=\"widget\" data-widget_type=\"text-editor.default\">\n\t\t\t\t<div class=\"elementor-widget-container\">\n\t\t\t\t\t\t\t\t\t<p>Disfrute de una estancia con todo incluido en el Hotel Le Renaissance en Mont-de-Marsan, que incluye alojamiento, desayuno y entradas para el imperdible Slava&#039;s SnowShow.\u00a0\u00a0<\/p>\t\t\t\t\t\t\t\t<\/div>\n\t\t\t\t<\/div>\n\t\t<div class=\"elementor-element elementor-element-5b2c77a e-con-full e-flex e-con e-child\" data-id=\"5b2c77a\" data-element_type=\"container\" data-settings=\"{&quot;jet_parallax_layout_list&quot;:[]}\">\n\t\t\t\t<div class=\"elementor-element elementor-element-d946b0b elementor-widget elementor-widget-text-editor\" data-id=\"d946b0b\" data-element_type=\"widget\" data-widget_type=\"text-editor.default\">\n\t\t\t\t<div class=\"elementor-widget-container\">\n\t\t\t\t\t\t\t\t\t<strong>\u2013 Estancia para parejas \u2013<\/strong> <br\/><strong style=\"font-style: inherit;\">165 \u20ac por noche para 2 personas.<\/strong> <br\/>Disfrutar:\n<ul>\n \t<li>de un <strong>Noche en una c\u00f3moda habitaci\u00f3n doble.<\/strong><\/li>\n \t<li>2 desayunos<\/li>\n \t<li>2 entradas para el espect\u00e1culo<\/li>\n<\/ul>\t\t\t\t\t\t\t\t<\/div>\n\t\t\t\t<\/div>\n\t\t\t\t<div class=\"elementor-element elementor-element-83905e7 elementor-widget elementor-widget-text-editor\" data-id=\"83905e7\" data-element_type=\"widget\" data-widget_type=\"text-editor.default\">\n\t\t\t\t<div class=\"elementor-widget-container\">\n\t\t\t\t\t\t\t\t\t<p><strong>\u2013 Estancia familiar \u2013<\/strong><br \/><strong style=\"font-style: inherit;\">195 \u20ac por noche para 4 personas.<\/strong><\/p><p>Disfrutar:<\/p><ul><li>de un <strong>noche en una habitaci\u00f3n familiar o doble\u00a0<\/strong><\/li><li>4 desayunos<\/li><li>4 entradas para el espect\u00e1culo<\/li><\/ul>\t\t\t\t\t\t\t\t<\/div>\n\t\t\t\t<\/div>\n\t\t\t\t<\/div>\n\t\t\t\t<div class=\"elementor-element elementor-element-486c0ed elementor-widget-mobile__width-inherit elementor-align-left animation-btn elementor-widget elementor-widget-button\" data-id=\"486c0ed\" data-element_type=\"widget\" data-widget_type=\"button.default\">\n\t\t\t\t<div class=\"elementor-widget-container\">\n\t\t\t\t\t\t\t\t\t<div class=\"elementor-button-wrapper\">\n\t\t\t\t\t<a class=\"elementor-button elementor-button-link elementor-size-sm\" href=\"https:\/\/www.secure-hotel-booking.com\/d-edge\/Hotel-Le-Renaissance\/2FCW\/fr-FR\/RoomSelection\">\n\t\t\t\t\t\t<span class=\"elementor-button-content-wrapper\">\n\t\t\t\t\t\t<span class=\"elementor-button-icon\">\n\t\t\t\t<i aria-hidden=\"true\" class=\"fas fa-arrow-right\"><\/i>\t\t\t<\/span>\n\t\t\t\t\t\t\t\t\t<span class=\"elementor-button-text\">Reserva tu estancia <\/span>\n\t\t\t\t\t<\/span>\n\t\t\t\t\t<\/a>\n\t\t\t\t<\/div>\n\t\t\t\t\t\t\t\t<\/div>\n\t\t\t\t<\/div>\n\t\t\t\t<\/div>\n\t\t\t\t<\/div>\n\t\t\t\t<\/div>\n\t\t<div class=\"elementor-element elementor-element-5513b02 e-flex e-con-boxed e-con e-child\" data-id=\"5513b02\" data-element_type=\"container\" data-settings=\"{&quot;jet_parallax_layout_list&quot;:[]}\">\n\t\t\t\t\t<div class=\"e-con-inner\">\n\t\t<div class=\"elementor-element elementor-element-32f4b41 e-con-full e-flex e-con e-child\" data-id=\"32f4b41\" data-element_type=\"container\" data-settings=\"{&quot;jet_parallax_layout_list&quot;:[]}\">\n\t\t\t\t<div class=\"elementor-element elementor-element-db993e3 elementor-widget__width-auto elementor-absolute elementor-widget elementor-widget-text-editor\" data-id=\"db993e3\" data-element_type=\"widget\" data-settings=\"{&quot;_position&quot;:&quot;absolute&quot;}\" data-widget_type=\"text-editor.default\">\n\t\t\t\t<div class=\"elementor-widget-container\">\n\t\t\t\t\t\t\t\t\t<p>Desde 125\u20ac<\/p>\t\t\t\t\t\t\t\t<\/div>\n\t\t\t\t<\/div>\n\t\t\t\t<div class=\"elementor-element elementor-element-fac4e41 elementor-widget elementor-widget-image\" data-id=\"fac4e41\" data-element_type=\"widget\" data-widget_type=\"image.default\">\n\t\t\t\t<div class=\"elementor-widget-container\">\n\t\t\t\t\t\t\t\t\t\t\t\t\t\t\t<img decoding=\"async\" width=\"768\" height=\"576\" src=\"https:\/\/www.le-renaissance.com\/wp-content\/uploads\/2024\/02\/IMG_9014-768x576.jpeg\" class=\"attachment-medium_large size-medium_large wp-image-3612\" alt=\"Business room\" srcset=\"https:\/\/www.le-renaissance.com\/wp-content\/uploads\/2024\/02\/IMG_9014-768x576.jpeg 768w, https:\/\/www.le-renaissance.com\/wp-content\/uploads\/2024\/02\/IMG_9014-300x225.jpeg 300w, https:\/\/www.le-renaissance.com\/wp-content\/uploads\/2024\/02\/IMG_9014-1024x768.jpeg 1024w, https:\/\/www.le-renaissance.com\/wp-content\/uploads\/2024\/02\/IMG_9014-1536x1152.jpeg 1536w, https:\/\/www.le-renaissance.com\/wp-content\/uploads\/2024\/02\/IMG_9014-2048x1536.jpeg 2048w, https:\/\/www.le-renaissance.com\/wp-content\/uploads\/2024\/02\/IMG_9014-16x12.jpeg 16w, https:\/\/www.le-renaissance.com\/wp-content\/uploads\/2024\/02\/IMG_9014-600x450.jpeg 600w\" sizes=\"(max-width: 768px) 100vw, 768px\" \/>\t\t\t\t\t\t\t\t\t\t\t\t\t\t\t<\/div>\n\t\t\t\t<\/div>\n\t\t\t\t<\/div>\n\t\t<div class=\"elementor-element elementor-element-a08c0bb e-con-full e-flex e-con e-child\" data-id=\"a08c0bb\" data-element_type=\"container\" data-settings=\"{&quot;background_background&quot;:&quot;classic&quot;,&quot;jet_parallax_layout_list&quot;:[]}\">\n\t\t\t\t<div class=\"elementor-element elementor-element-69ce47f elementor-widget-tablet__width-inherit elementor-widget elementor-widget-heading\" data-id=\"69ce47f\" data-element_type=\"widget\" data-widget_type=\"heading.default\">\n\t\t\t\t<div class=\"elementor-widget-container\">\n\t\t\t\t\t<h2 class=\"elementor-heading-title elementor-size-default\">Parada nocturna: un descanso relajado <\/h2>\t\t\t\t<\/div>\n\t\t\t\t<\/div>\n\t\t\t\t<div class=\"elementor-element elementor-element-80a93f3 elementor-widget elementor-widget-text-editor\" data-id=\"80a93f3\" data-element_type=\"widget\" data-widget_type=\"text-editor.default\">\n\t\t\t\t<div class=\"elementor-widget-container\">\n\t\t\t\t\t\t\t\t\tEl paquete est\u00e1 destinado a profesionales en movimiento y se aplica exclusivamente durante la semana. M\u00e1s all\u00e1 de un momento de relajaci\u00f3n, una parada nocturna en el Renaissance*** incluye:\n<ul>\n \t<li>Noche de hotel en habitaci\u00f3n est\u00e1ndar.<\/li>\n \t<li>Cena (men\u00fa de pasos)<\/li>\n \t<li>Desayuno<\/li>\n<\/ul>\t\t\t\t\t\t\t\t<\/div>\n\t\t\t\t<\/div>\n\t\t\t\t<div class=\"elementor-element elementor-element-b1022f6 elementor-widget-mobile__width-inherit elementor-align-left animation-btn elementor-widget elementor-widget-button\" data-id=\"b1022f6\" data-element_type=\"widget\" data-widget_type=\"button.default\">\n\t\t\t\t<div class=\"elementor-widget-container\">\n\t\t\t\t\t\t\t\t\t<div class=\"elementor-button-wrapper\">\n\t\t\t\t\t<a class=\"elementor-button elementor-button-link elementor-size-sm\" href=\"https:\/\/www.le-renaissance.com\/notre-hotel-a-mont-de-marsan\/chambres-et-suites\/\">\n\t\t\t\t\t\t<span class=\"elementor-button-content-wrapper\">\n\t\t\t\t\t\t<span class=\"elementor-button-icon\">\n\t\t\t\t<i aria-hidden=\"true\" class=\"fas fa-arrow-right\"><\/i>\t\t\t<\/span>\n\t\t\t\t\t\t\t\t\t<span class=\"elementor-button-text\">descubre nuestras habitaciones<\/span>\n\t\t\t\t\t<\/span>\n\t\t\t\t\t<\/a>\n\t\t\t\t<\/div>\n\t\t\t\t\t\t\t\t<\/div>\n\t\t\t\t<\/div>\n\t\t\t\t<\/div>\n\t\t\t\t\t<\/div>\n\t\t\t\t<\/div>\n\t\t<div class=\"elementor-element elementor-element-7587a7c e-flex e-con-boxed e-con e-child\" data-id=\"7587a7c\" data-element_type=\"container\" data-settings=\"{&quot;jet_parallax_layout_list&quot;:[]}\">\n\t\t\t\t\t<div class=\"e-con-inner\">\n\t\t<div class=\"elementor-element elementor-element-f0765c6 e-con-full e-flex e-con e-child\" data-id=\"f0765c6\" data-element_type=\"container\" data-settings=\"{&quot;jet_parallax_layout_list&quot;:[]}\">\n\t\t\t\t<div class=\"elementor-element elementor-element-ef31213 elementor-widget elementor-widget-image\" data-id=\"ef31213\" data-element_type=\"widget\" data-widget_type=\"image.default\">\n\t\t\t\t<div class=\"elementor-widget-container\">\n\t\t\t\t\t\t\t\t\t\t\t\t\t\t\t<img decoding=\"async\" width=\"1024\" height=\"576\" src=\"https:\/\/www.le-renaissance.com\/wp-content\/uploads\/2024\/02\/salle-blondin-en-U--1024x576.jpg\" class=\"attachment-large size-large wp-image-3619\" alt=\"salle de r\u00e9union, s\u00e9minaire \u00e0 l&#039;h\u00f4tel le renaissance\" srcset=\"https:\/\/www.le-renaissance.com\/wp-content\/uploads\/2024\/02\/salle-blondin-en-U--1024x576.jpg 1024w, https:\/\/www.le-renaissance.com\/wp-content\/uploads\/2024\/02\/salle-blondin-en-U--300x169.jpg 300w, https:\/\/www.le-renaissance.com\/wp-content\/uploads\/2024\/02\/salle-blondin-en-U--768x432.jpg 768w, https:\/\/www.le-renaissance.com\/wp-content\/uploads\/2024\/02\/salle-blondin-en-U--1536x864.jpg 1536w, https:\/\/www.le-renaissance.com\/wp-content\/uploads\/2024\/02\/salle-blondin-en-U--2048x1152.jpg 2048w, https:\/\/www.le-renaissance.com\/wp-content\/uploads\/2024\/02\/salle-blondin-en-U--18x10.jpg 18w, https:\/\/www.le-renaissance.com\/wp-content\/uploads\/2024\/02\/salle-blondin-en-U--600x338.jpg 600w\" sizes=\"(max-width: 1024px) 100vw, 1024px\" \/>\t\t\t\t\t\t\t\t\t\t\t\t\t\t\t<\/div>\n\t\t\t\t<\/div>\n\t\t\t\t<\/div>\n\t\t<div class=\"elementor-element elementor-element-6773d1b e-con-full e-flex e-con e-child\" data-id=\"6773d1b\" data-element_type=\"container\" data-settings=\"{&quot;background_background&quot;:&quot;classic&quot;,&quot;jet_parallax_layout_list&quot;:[]}\">\n\t\t\t\t<div class=\"elementor-element elementor-element-2e746a3 elementor-widget-tablet__width-inherit elementor-widget elementor-widget-heading\" data-id=\"2e746a3\" data-element_type=\"widget\" data-widget_type=\"heading.default\">\n\t\t\t\t<div class=\"elementor-widget-container\">\n\t\t\t\t\t<h2 class=\"elementor-heading-title elementor-size-default\">Estancia de negocios: trabaje en paz <\/h2>\t\t\t\t<\/div>\n\t\t\t\t<\/div>\n\t\t\t\t<div class=\"elementor-element elementor-element-19712ec elementor-widget elementor-widget-text-editor\" data-id=\"19712ec\" data-element_type=\"widget\" data-widget_type=\"text-editor.default\">\n\t\t\t\t<div class=\"elementor-widget-container\">\n\t\t\t\t\t\t\t\t\t<p>Adem\u00e1s de pasar la noche, el Renaissance puede poner a su disposici\u00f3n una habitaci\u00f3n, con un caf\u00e9 de bienvenida o una pausa.<\/p><p>\u00a0<\/p><p>Podemos estudiar una f\u00f3rmula a medida para usted.<\/p>\t\t\t\t\t\t\t\t<\/div>\n\t\t\t\t<\/div>\n\t\t\t\t<div class=\"elementor-element elementor-element-b2f37ae elementor-widget-mobile__width-inherit elementor-align-left animation-btn elementor-widget elementor-widget-button\" data-id=\"b2f37ae\" data-element_type=\"widget\" data-widget_type=\"button.default\">\n\t\t\t\t<div class=\"elementor-widget-container\">\n\t\t\t\t\t\t\t\t\t<div class=\"elementor-button-wrapper\">\n\t\t\t\t\t<a class=\"elementor-button elementor-button-link elementor-size-sm\" href=\"https:\/\/www.le-renaissance.com\/contact\/\">\n\t\t\t\t\t\t<span class=\"elementor-button-content-wrapper\">\n\t\t\t\t\t\t<span class=\"elementor-button-icon\">\n\t\t\t\t<i aria-hidden=\"true\" class=\"fas fa-arrow-right\"><\/i>\t\t\t<\/span>\n\t\t\t\t\t\t\t\t\t<span class=\"elementor-button-text\">Cont\u00e1ctenos<\/span>\n\t\t\t\t\t<\/span>\n\t\t\t\t\t<\/a>\n\t\t\t\t<\/div>\n\t\t\t\t\t\t\t\t<\/div>\n\t\t\t\t<\/div>\n\t\t\t\t<\/div>\n\t\t\t\t\t<\/div>\n\t\t\t\t<\/div>\n\t\t<div class=\"elementor-element elementor-element-ef9380d e-flex e-con-boxed e-con e-parent\" data-id=\"ef9380d\" data-element_type=\"container\" data-settings=\"{&quot;jet_parallax_layout_list&quot;:[]}\">\n\t\t\t\t\t<div class=\"e-con-inner\">\n\t\t\t\t<div class=\"elementor-element elementor-element-4694cc3 elementor-widget elementor-widget-text-editor\" data-id=\"4694cc3\" data-element_type=\"widget\" data-widget_type=\"text-editor.default\">\n\t\t\t\t<div class=\"elementor-widget-container\">\n\t\t\t\t\t\t\t\t\t<p>Para una experiencia profesional \u00f3ptima, nuestro Paquete Business Stay ofrece todo lo que necesita para trabajar con tranquilidad. Adem\u00e1s de tu estancia nocturna, ponemos a tu disposici\u00f3n una sala de reuniones equipada, acompa\u00f1ada de un caf\u00e9 de bienvenida o un descanso de bienvenida. Tambi\u00e9n estamos listos para estudiar una f\u00f3rmula hecha a medida para satisfacer sus necesidades espec\u00edficas.<br><br><\/p><p>\nReserve hoy su estancia en el hotel Renaissance de Mont-de-Marsan y aproveche nuestros ventajosos paquetes. Ya sea para un fin de semana rom\u00e1ntico, una velada relajante o una estancia profesional, estamos aqu\u00ed para hacer que su experiencia sea lo m\u00e1s placentera posible. <\/p>\t\t\t\t\t\t\t\t<\/div>\n\t\t\t\t<\/div>\n\t\t\t\t\t<\/div>\n\t\t\t\t<\/div>\n\t\t\t\t<\/div>","protected":false},"excerpt":{"rendered":"<p>H\u00f4tel le Renaissance Descubra nuestros paquetes de estancia dise\u00f1ados para satisfacer sus necesidades. Ya sea que est\u00e9 buscando una escapada rom\u00e1ntica, una velada relajante o un viaje de negocios productivo, tenemos el paquete perfecto para usted. Para un fin de semana en las Landas en Mont-de-Marsan, opte por nuestro Paquete Fin de Semana que incluye un [\u2026]<\/p>","protected":false},"author":1,"featured_media":638,"parent":195,"menu_order":0,"comment_status":"closed","ping_status":"closed","template":"","meta":{"_seopress_robots_primary_cat":"","_seopress_titles_title":"Nos formules s\u00e9jour | H\u00f4tel Le Renaissance","_seopress_titles_desc":"Vous venez pour des raisons professionnelles ? Pour faire une pause d\u00e9contract\u00e9e ou pour un \u00e9v\u00e8nement ? Retrouvez toutes nos formules","_seopress_robots_index":"","site-sidebar-layout":"no-sidebar","site-content-layout":"","ast-site-content-layout":"full-width-container","site-content-style":"default","site-sidebar-style":"default","ast-global-header-display":"","ast-banner-title-visibility":"","ast-main-header-display":"","ast-hfb-above-header-display":"","ast-hfb-below-header-display":"","ast-hfb-mobile-header-display":"","site-post-title":"disabled","ast-breadcrumbs-content":"","ast-featured-img":"disabled","footer-sml-layout":"","ast-disable-related-posts":"","theme-transparent-header-meta":"","adv-header-id-meta":"","stick-header-meta":"","header-above-stick-meta":"","header-main-stick-meta":"","header-below-stick-meta":"","astra-migrate-meta-layouts":"default","ast-page-background-enabled":"default","ast-page-background-meta":{"desktop":{"background-color":"var(--ast-global-color-4)","background-image":"","background-repeat":"repeat","background-position":"center center","background-size":"auto","background-attachment":"scroll","background-type":"","background-media":"","overlay-type":"","overlay-color":"","overlay-opacity":"","overlay-gradient":""},"tablet":{"background-color":"","background-image":"","background-repeat":"repeat","background-position":"center center","background-size":"auto","background-attachment":"scroll","background-type":"","background-media":"","overlay-type":"","overlay-color":"","overlay-opacity":"","overlay-gradient":""},"mobile":{"background-color":"","background-image":"","background-repeat":"repeat","background-position":"center center","background-size":"auto","background-attachment":"scroll","background-type":"","background-media":"","overlay-type":"","overlay-color":"","overlay-opacity":"","overlay-gradient":""}},"ast-content-background-meta":{"desktop":{"background-color":"var(--ast-global-color-5)","background-image":"","background-repeat":"repeat","background-position":"center center","background-size":"auto","background-attachment":"scroll","background-type":"","background-media":"","overlay-type":"","overlay-color":"","overlay-opacity":"","overlay-gradient":""},"tablet":{"background-color":"var(--ast-global-color-5)","background-image":"","background-repeat":"repeat","background-position":"center center","background-size":"auto","background-attachment":"scroll","background-type":"","background-media":"","overlay-type":"","overlay-color":"","overlay-opacity":"","overlay-gradient":""},"mobile":{"background-color":"var(--ast-global-color-5)","background-image":"","background-repeat":"repeat","background-position":"center center","background-size":"auto","background-attachment":"scroll","background-type":"","background-media":"","overlay-type":"","overlay-color":"","overlay-opacity":"","overlay-gradient":""}},"footnotes":""},"class_list":["post-182","page","type-page","status-publish","has-post-thumbnail","hentry"],"_links":{"self":[{"href":"https:\/\/www.le-renaissance.com\/es\/wp-json\/wp\/v2\/pages\/182","targetHints":{"allow":["GET"]}}],"collection":[{"href":"https:\/\/www.le-renaissance.com\/es\/wp-json\/wp\/v2\/pages"}],"about":[{"href":"https:\/\/www.le-renaissance.com\/es\/wp-json\/wp\/v2\/types\/page"}],"author":[{"embeddable":true,"href":"https:\/\/www.le-renaissance.com\/es\/wp-json\/wp\/v2\/users\/1"}],"replies":[{"embeddable":true,"href":"https:\/\/www.le-renaissance.com\/es\/wp-json\/wp\/v2\/comments?post=182"}],"version-history":[{"count":57,"href":"https:\/\/www.le-renaissance.com\/es\/wp-json\/wp\/v2\/pages\/182\/revisions"}],"predecessor-version":[{"id":12520,"href":"https:\/\/www.le-renaissance.com\/es\/wp-json\/wp\/v2\/pages\/182\/revisions\/12520"}],"up":[{"embeddable":true,"href":"https:\/\/www.le-renaissance.com\/es\/wp-json\/wp\/v2\/pages\/195"}],"wp:featuredmedia":[{"embeddable":true,"href":"https:\/\/www.le-renaissance.com\/es\/wp-json\/wp\/v2\/media\/638"}],"wp:attachment":[{"href":"https:\/\/www.le-renaissance.com\/es\/wp-json\/wp\/v2\/media?parent=182"}],"curies":[{"name":"wp","href":"https:\/\/api.w.org\/{rel}","templated":true}]}}