{"id":4365,"date":"2024-04-04T10:11:17","date_gmt":"2024-04-04T08:11:17","guid":{"rendered":"https:\/\/www.le-renaissance.com\/?page_id=4365"},"modified":"2024-04-17T15:39:39","modified_gmt":"2024-04-17T13:39:39","slug":"nos-partenaires","status":"publish","type":"page","link":"https:\/\/www.le-renaissance.com\/es\/nos-partenaires\/","title":{"rendered":"Nuestros socios"},"content":{"rendered":"<div data-elementor-type=\"wp-page\" data-elementor-id=\"4365\" class=\"elementor elementor-4365\" data-elementor-post-type=\"page\">\n\t\t\t\t<div class=\"elementor-element elementor-element-32eac45 e-flex e-con-boxed e-con e-parent\" data-id=\"32eac45\" data-element_type=\"container\" data-settings=\"{&quot;background_background&quot;:&quot;classic&quot;,&quot;jet_parallax_layout_list&quot;:[]}\">\n\t\t\t\t\t<div class=\"e-con-inner\">\n\t\t\t\t<div class=\"elementor-element elementor-element-998566a jet-breadcrumbs-align-center elementor-widget elementor-widget-jet-breadcrumbs\" data-id=\"998566a\" data-element_type=\"widget\" data-widget_type=\"jet-breadcrumbs.default\">\n\t\t\t\t<div class=\"elementor-widget-container\">\n\t\t\t\t\t<div class=\"elementor-jet-breadcrumbs jet-blocks\">\n\t\t<div class=\"jet-breadcrumbs\">\n\t\t<div class=\"jet-breadcrumbs__content\">\n\t\t<div class=\"jet-breadcrumbs__wrap\"><div class=\"jet-breadcrumbs__item\"><a href=\"https:\/\/www.le-renaissance.com\/es\/\" class=\"jet-breadcrumbs__item-link is-home\" rel=\"home\" title=\"Hotel Renacimiento\">Hotel Renacimiento<\/a><\/div>\n\t\t<\/div>\n\t\t<\/div>\n\t\t<\/div><\/div>\t\t\t\t<\/div>\n\t\t\t\t<\/div>\n\t\t\t\t\t<\/div>\n\t\t\t\t<\/div>\n\t\t<div class=\"elementor-element elementor-element-24430e9 e-flex e-con-boxed e-con e-parent\" data-id=\"24430e9\" data-element_type=\"container\" data-settings=\"{&quot;background_background&quot;:&quot;classic&quot;,&quot;jet_parallax_layout_list&quot;:[]}\">\n\t\t\t\t\t<div class=\"e-con-inner\">\n\t\t<div class=\"elementor-element elementor-element-4004ffe e-con-full e-flex e-con e-child\" data-id=\"4004ffe\" data-element_type=\"container\" data-settings=\"{&quot;jet_parallax_layout_list&quot;:[]}\">\n\t\t\t\t<div class=\"elementor-element elementor-element-1ef18af elementor-widget elementor-widget-image\" data-id=\"1ef18af\" data-element_type=\"widget\" data-widget_type=\"image.default\">\n\t\t\t\t<div class=\"elementor-widget-container\">\n\t\t\t\t\t\t\t\t\t\t\t\t\t\t\t\t<a href=\"https:\/\/www.golfmontdemarsan.com\/\">\n\t\t\t\t\t\t\t<img decoding=\"async\" width=\"240\" height=\"128\" src=\"https:\/\/www.le-renaissance.com\/wp-content\/uploads\/2024\/04\/logo-header-2.jpg\" class=\"attachment-large size-large wp-image-4377\" alt=\"\" srcset=\"https:\/\/www.le-renaissance.com\/wp-content\/uploads\/2024\/04\/logo-header-2.jpg 240w, https:\/\/www.le-renaissance.com\/wp-content\/uploads\/2024\/04\/logo-header-2-18x10.jpg 18w\" sizes=\"(max-width: 240px) 100vw, 240px\" \/>\t\t\t\t\t\t\t\t<\/a>\n\t\t\t\t\t\t\t\t\t\t\t\t\t\t\t<\/div>\n\t\t\t\t<\/div>\n\t\t\t\t<div class=\"elementor-element elementor-element-71246c2 elementor-widget-tablet__width-inherit elementor-widget elementor-widget-heading\" data-id=\"71246c2\" data-element_type=\"widget\" data-widget_type=\"heading.default\">\n\t\t\t\t<div class=\"elementor-widget-container\">\n\t\t\t\t\t<h2 class=\"elementor-heading-title elementor-size-default\">Golf de Mont de Marsan<\/h2>\t\t\t\t<\/div>\n\t\t\t\t<\/div>\n\t\t\t\t<div class=\"elementor-element elementor-element-2eadc10 elementor-align-left elementor-widget elementor-widget-button\" data-id=\"2eadc10\" data-element_type=\"widget\" data-widget_type=\"button.default\">\n\t\t\t\t<div class=\"elementor-widget-container\">\n\t\t\t\t\t\t\t\t\t<div class=\"elementor-button-wrapper\">\n\t\t\t\t\t<a class=\"elementor-button elementor-button-link elementor-size-sm\" href=\"https:\/\/www.golfmontdemarsan.com\/\" target=\"_blank\" rel=\"nofollow\">\n\t\t\t\t\t\t<span class=\"elementor-button-content-wrapper\">\n\t\t\t\t\t\t\t\t\t<span class=\"elementor-button-text\">Descubre el sitio<\/span>\n\t\t\t\t\t<\/span>\n\t\t\t\t\t<\/a>\n\t\t\t\t<\/div>\n\t\t\t\t\t\t\t\t<\/div>\n\t\t\t\t<\/div>\n\t\t\t\t<div class=\"elementor-element elementor-element-1992e16 elementor-widget elementor-widget-text-editor\" data-id=\"1992e16\" data-element_type=\"widget\" data-widget_type=\"text-editor.default\">\n\t\t\t\t<div class=\"elementor-widget-container\">\n\t\t\t\t\t\t\t\t\t<p>El Golf de Mont de Marsan, situado en Saint-Avit en las Landas, es un magn\u00edfico campo de golf que ofrece una experiencia \u00fanica a los amantes de este deporte. Con sus paisajes pintorescos y su entorno natural preservado, este club de golf atrae a jugadores de todos los niveles. Ya sea principiante o un golfista experimentado, apreciar\u00e1 los variados desaf\u00edos que ofrece este campo, as\u00ed como el ambiente amigable que reina en el campo. Adem\u00e1s, el club suele contar con modernas instalaciones, como casa club, campo de pr\u00e1cticas y equipo de pr\u00e1ctica, para complementar tu experiencia de golf.<\/p><p>\u00a0<\/p><ul><li>52 hect\u00e1reas de parque infantil<\/li><li>30 tarjetas verdes obtenidas por a\u00f1o<\/li><li>60 voluntarios<\/li><\/ul><p>Para todas las reservas de habitaciones, cont\u00e1ctenos directamente al 05.58.51.51.51.\u00a0\u00a0<\/p>\t\t\t\t\t\t\t\t<\/div>\n\t\t\t\t<\/div>\n\t\t\t\t<\/div>\n\t\t<div class=\"elementor-element elementor-element-bed4087 e-con-full elementor-hidden-tablet elementor-hidden-mobile e-flex e-con e-child\" data-id=\"bed4087\" data-element_type=\"container\" data-settings=\"{&quot;jet_parallax_layout_list&quot;:[]}\">\n\t\t\t\t<div class=\"elementor-element elementor-element-1d008a7 elementor-widget elementor-widget-image\" data-id=\"1d008a7\" data-element_type=\"widget\" data-widget_type=\"image.default\">\n\t\t\t\t<div class=\"elementor-widget-container\">\n\t\t\t\t\t\t\t\t\t\t\t\t\t\t\t<img fetchpriority=\"high\" decoding=\"async\" width=\"1024\" height=\"587\" src=\"https:\/\/www.le-renaissance.com\/wp-content\/uploads\/2024\/04\/test-2-1024x587.jpg\" class=\"attachment-large size-large wp-image-4390\" alt=\"\" srcset=\"https:\/\/www.le-renaissance.com\/wp-content\/uploads\/2024\/04\/test-2-1024x587.jpg 1024w, https:\/\/www.le-renaissance.com\/wp-content\/uploads\/2024\/04\/test-2-300x172.jpg 300w, https:\/\/www.le-renaissance.com\/wp-content\/uploads\/2024\/04\/test-2-768x440.jpg 768w, https:\/\/www.le-renaissance.com\/wp-content\/uploads\/2024\/04\/test-2-1536x880.jpg 1536w, https:\/\/www.le-renaissance.com\/wp-content\/uploads\/2024\/04\/test-2-18x10.jpg 18w, https:\/\/www.le-renaissance.com\/wp-content\/uploads\/2024\/04\/test-2-600x344.jpg 600w, https:\/\/www.le-renaissance.com\/wp-content\/uploads\/2024\/04\/test-2.jpg 1920w\" sizes=\"(max-width: 1024px) 100vw, 1024px\" \/>\t\t\t\t\t\t\t\t\t\t\t\t\t\t\t<\/div>\n\t\t\t\t<\/div>\n\t\t\t\t<\/div>\n\t\t\t\t\t<\/div>\n\t\t\t\t<\/div>\n\t\t<div class=\"elementor-element elementor-element-bff2ddb e-flex e-con-boxed e-con e-parent\" data-id=\"bff2ddb\" data-element_type=\"container\" data-settings=\"{&quot;background_background&quot;:&quot;classic&quot;,&quot;jet_parallax_layout_list&quot;:[]}\">\n\t\t\t\t\t<div class=\"e-con-inner\">\n\t\t\t\t<div class=\"elementor-element elementor-element-76c1259 elementor-widget__width-inherit elementor-hidden-mobile elementor-hidden-tablet elementor-widget elementor-widget-image\" data-id=\"76c1259\" data-element_type=\"widget\" data-widget_type=\"image.default\">\n\t\t\t\t<div class=\"elementor-widget-container\">\n\t\t\t\t\t\t\t\t\t\t\t\t\t\t\t<img decoding=\"async\" width=\"2\" height=\"122\" src=\"https:\/\/www.le-renaissance.com\/wp-content\/uploads\/2023\/09\/Ligne-1.png\" class=\"attachment-large size-large wp-image-87\" alt=\"\" \/>\t\t\t\t\t\t\t\t\t\t\t\t\t\t\t<\/div>\n\t\t\t\t<\/div>\n\t\t<div class=\"elementor-element elementor-element-947e26b e-con-full elementor-hidden-tablet elementor-hidden-mobile e-flex e-con e-child\" data-id=\"947e26b\" data-element_type=\"container\" data-settings=\"{&quot;jet_parallax_layout_list&quot;:[]}\">\n\t\t\t\t<div class=\"elementor-element elementor-element-3873dbb elementor-widget elementor-widget-image\" data-id=\"3873dbb\" data-element_type=\"widget\" data-widget_type=\"image.default\">\n\t\t\t\t<div class=\"elementor-widget-container\">\n\t\t\t\t\t\t\t\t\t\t\t\t\t\t\t<img decoding=\"async\" src=\"https:\/\/www.le-renaissance.com\/wp-content\/uploads\/2024\/04\/6585.jpg\" title=\"\" alt=\"\" loading=\"lazy\" \/>\t\t\t\t\t\t\t\t\t\t\t\t\t\t\t<\/div>\n\t\t\t\t<\/div>\n\t\t\t\t<\/div>\n\t\t<div class=\"elementor-element elementor-element-97b5427 e-con-full e-flex e-con e-child\" data-id=\"97b5427\" data-element_type=\"container\" data-settings=\"{&quot;jet_parallax_layout_list&quot;:[]}\">\n\t\t\t\t<div class=\"elementor-element elementor-element-58dd289 elementor-widget elementor-widget-image\" data-id=\"58dd289\" data-element_type=\"widget\" data-widget_type=\"image.default\">\n\t\t\t\t<div class=\"elementor-widget-container\">\n\t\t\t\t\t\t\t\t\t\t\t\t\t\t\t\t<a href=\"https:\/\/www.golfy.fr\/cartes\/?gad_source=1&#038;gclid=CjwKCAjw48-vBhBbEiwAzqrZVNntgrmEK6XvsAvCvVTgvb8HlLxxNRbnUHcqfk7hN3__N-3YX1m9UBoCPkMQAvD_BwE\">\n\t\t\t\t\t\t\t<img loading=\"lazy\" decoding=\"async\" width=\"512\" height=\"512\" src=\"https:\/\/www.le-renaissance.com\/wp-content\/uploads\/2024\/04\/unnamed-1.png\" class=\"attachment-large size-large wp-image-4380\" alt=\"\" srcset=\"https:\/\/www.le-renaissance.com\/wp-content\/uploads\/2024\/04\/unnamed-1.png 512w, https:\/\/www.le-renaissance.com\/wp-content\/uploads\/2024\/04\/unnamed-1-300x300.png 300w, https:\/\/www.le-renaissance.com\/wp-content\/uploads\/2024\/04\/unnamed-1-150x150.png 150w, https:\/\/www.le-renaissance.com\/wp-content\/uploads\/2024\/04\/unnamed-1-12x12.png 12w, https:\/\/www.le-renaissance.com\/wp-content\/uploads\/2024\/04\/unnamed-1-100x100.png 100w\" sizes=\"(max-width: 512px) 100vw, 512px\" \/>\t\t\t\t\t\t\t\t<\/a>\n\t\t\t\t\t\t\t\t\t\t\t\t\t\t\t<\/div>\n\t\t\t\t<\/div>\n\t\t\t\t<div class=\"elementor-element elementor-element-c421ac3 elementor-widget-tablet__width-inherit elementor-widget elementor-widget-heading\" data-id=\"c421ac3\" data-element_type=\"widget\" data-widget_type=\"heading.default\">\n\t\t\t\t<div class=\"elementor-widget-container\">\n\t\t\t\t\t<h2 class=\"elementor-heading-title elementor-size-default\">golfista<\/h2>\t\t\t\t<\/div>\n\t\t\t\t<\/div>\n\t\t\t\t<div class=\"elementor-element elementor-element-57c787c elementor-widget elementor-widget-text-editor\" data-id=\"57c787c\" data-element_type=\"widget\" data-widget_type=\"text-editor.default\">\n\t\t\t\t<div class=\"elementor-widget-container\">\n\t\t\t\t\t\t\t\t\t<p>La Golfy Card es una tarjeta de fidelizaci\u00f3n que ofrece a los golfistas numerosas ventajas. Como socio podr\u00e1s beneficiarte de descuentos en green fee en campos de golf asociados, as\u00ed como de otras ofertas y promociones especiales. Adem\u00e1s, la tarjeta suele dar acceso a servicios exclusivos en los clubes de golf afiliados, como invitaciones a eventos especiales, descuentos en equipos de golf y ofertas en hoteles asociados.<\/p><p>\u00a0<\/p><p>Para toda la informaci\u00f3n, por favor cont\u00e1ctenos.<\/p>\t\t\t\t\t\t\t\t<\/div>\n\t\t\t\t<\/div>\n\t\t\t\t<div class=\"elementor-element elementor-element-2ecc559 elementor-align-left elementor-widget elementor-widget-button\" data-id=\"2ecc559\" data-element_type=\"widget\" data-widget_type=\"button.default\">\n\t\t\t\t<div class=\"elementor-widget-container\">\n\t\t\t\t\t\t\t\t\t<div class=\"elementor-button-wrapper\">\n\t\t\t\t\t<a class=\"elementor-button elementor-button-link elementor-size-sm\" href=\"https:\/\/www.golfy.fr\/cartes\/?gad_source=1&#038;gclid=CjwKCAjw48-vBhBbEiwAzqrZVNntgrmEK6XvsAvCvVTgvb8HlLxxNRbnUHcqfk7hN3__N-3YX1m9UBoCPkMQAvD_BwE\" target=\"_blank\" rel=\"nofollow\">\n\t\t\t\t\t\t<span class=\"elementor-button-content-wrapper\">\n\t\t\t\t\t\t\t\t\t<span class=\"elementor-button-text\">Descubre el sitio<\/span>\n\t\t\t\t\t<\/span>\n\t\t\t\t\t<\/a>\n\t\t\t\t<\/div>\n\t\t\t\t\t\t\t\t<\/div>\n\t\t\t\t<\/div>\n\t\t\t\t<\/div>\n\t\t\t\t\t<\/div>\n\t\t\t\t<\/div>\n\t\t<div class=\"elementor-element elementor-element-64a142e e-flex e-con-boxed e-con e-parent\" data-id=\"64a142e\" data-element_type=\"container\" data-settings=\"{&quot;background_background&quot;:&quot;classic&quot;,&quot;jet_parallax_layout_list&quot;:[]}\">\n\t\t\t\t\t<div class=\"e-con-inner\">\n\t\t\t\t<div class=\"elementor-element elementor-element-e780fbe elementor-widget__width-inherit elementor-hidden-mobile elementor-hidden-tablet elementor-widget elementor-widget-image\" data-id=\"e780fbe\" data-element_type=\"widget\" data-widget_type=\"image.default\">\n\t\t\t\t<div class=\"elementor-widget-container\">\n\t\t\t\t\t\t\t\t\t\t\t\t\t\t\t<img decoding=\"async\" width=\"2\" height=\"122\" src=\"https:\/\/www.le-renaissance.com\/wp-content\/uploads\/2023\/09\/Ligne-1.png\" class=\"attachment-large size-large wp-image-87\" alt=\"\" \/>\t\t\t\t\t\t\t\t\t\t\t\t\t\t\t<\/div>\n\t\t\t\t<\/div>\n\t\t<div class=\"elementor-element elementor-element-0db1701 e-con-full e-flex e-con e-child\" data-id=\"0db1701\" data-element_type=\"container\" data-settings=\"{&quot;jet_parallax_layout_list&quot;:[]}\">\n\t\t\t\t<div class=\"elementor-element elementor-element-6b73def elementor-widget elementor-widget-image\" data-id=\"6b73def\" data-element_type=\"widget\" data-widget_type=\"image.default\">\n\t\t\t\t<div class=\"elementor-widget-container\">\n\t\t\t\t\t\t\t\t\t\t\t\t\t\t\t\t<a href=\"https:\/\/www.lorangebleue.fr\/clubs\/mont-de-marsan\/\">\n\t\t\t\t\t\t\t<img loading=\"lazy\" decoding=\"async\" width=\"225\" height=\"225\" src=\"https:\/\/www.le-renaissance.com\/wp-content\/uploads\/2024\/04\/telechargement-3.jpg\" class=\"attachment-large size-large wp-image-4376\" alt=\"\" srcset=\"https:\/\/www.le-renaissance.com\/wp-content\/uploads\/2024\/04\/telechargement-3.jpg 225w, https:\/\/www.le-renaissance.com\/wp-content\/uploads\/2024\/04\/telechargement-3-150x150.jpg 150w, https:\/\/www.le-renaissance.com\/wp-content\/uploads\/2024\/04\/telechargement-3-12x12.jpg 12w, https:\/\/www.le-renaissance.com\/wp-content\/uploads\/2024\/04\/telechargement-3-100x100.jpg 100w\" sizes=\"(max-width: 225px) 100vw, 225px\" \/>\t\t\t\t\t\t\t\t<\/a>\n\t\t\t\t\t\t\t\t\t\t\t\t\t\t\t<\/div>\n\t\t\t\t<\/div>\n\t\t\t\t<div class=\"elementor-element elementor-element-42df3a7 elementor-widget-tablet__width-inherit elementor-widget elementor-widget-heading\" data-id=\"42df3a7\" data-element_type=\"widget\" data-widget_type=\"heading.default\">\n\t\t\t\t<div class=\"elementor-widget-container\">\n\t\t\t\t\t<h2 class=\"elementor-heading-title elementor-size-default\">Naranja Azul - Mont de Marsan<\/h2>\t\t\t\t<\/div>\n\t\t\t\t<\/div>\n\t\t\t\t<div class=\"elementor-element elementor-element-6ff36aa elementor-widget elementor-widget-text-editor\" data-id=\"6ff36aa\" data-element_type=\"widget\" data-widget_type=\"text-editor.default\">\n\t\t\t\t<div class=\"elementor-widget-container\">\n\t\t\t\t\t\t\t\t\t<p>Club Orange Bleu en Mont de Marsan es un gimnasio y centro de fitness popular en la regi\u00f3n. Ofrece una gama completa de actividades deportivas y programas de fitness para satisfacer las necesidades y objetivos de sus miembros. Entre los servicios ofrecidos encontramos generalmente equipos de cardio, musculaci\u00f3n, clases grupales (como fitness, yoga, pilates, etc.), clases de boxeo, as\u00ed como sesiones de entrenamiento personalizadas con entrenadores titulados.<\/p><p>Este club se distingue a menudo por su ambiente agradable y su equipo acogedor, cuyo objetivo es crear un ambiente motivador para miembros de todos los niveles de condici\u00f3n f\u00edsica. .<\/p><p><strong>Ubicaci\u00f3n :<\/strong> A tan s\u00f3lo 4 minutos andando desde nuestro hotel (270 metros). Ofrecemos a nuestros clientes un pase para su sesi\u00f3n deportiva.<\/p><p>Para m\u00e1s informaci\u00f3n, p\u00f3ngase en contacto con nuestra recepci\u00f3n.\u00a0<\/p>\t\t\t\t\t\t\t\t<\/div>\n\t\t\t\t<\/div>\n\t\t\t\t<div class=\"elementor-element elementor-element-53e2573 elementor-align-left elementor-widget elementor-widget-button\" data-id=\"53e2573\" data-element_type=\"widget\" data-widget_type=\"button.default\">\n\t\t\t\t<div class=\"elementor-widget-container\">\n\t\t\t\t\t\t\t\t\t<div class=\"elementor-button-wrapper\">\n\t\t\t\t\t<a class=\"elementor-button elementor-button-link elementor-size-sm\" href=\"https:\/\/www.lorangebleue.fr\/clubs\/mont-de-marsan\/\" target=\"_blank\" rel=\"nofollow\">\n\t\t\t\t\t\t<span class=\"elementor-button-content-wrapper\">\n\t\t\t\t\t\t\t\t\t<span class=\"elementor-button-text\">Descubre el sitio<\/span>\n\t\t\t\t\t<\/span>\n\t\t\t\t\t<\/a>\n\t\t\t\t<\/div>\n\t\t\t\t\t\t\t\t<\/div>\n\t\t\t\t<\/div>\n\t\t\t\t<\/div>\n\t\t<div class=\"elementor-element elementor-element-06aadd0 e-con-full elementor-hidden-tablet elementor-hidden-mobile e-flex e-con e-child\" data-id=\"06aadd0\" data-element_type=\"container\" data-settings=\"{&quot;jet_parallax_layout_list&quot;:[]}\">\n\t\t\t\t<div class=\"elementor-element elementor-element-21cb899 elementor-widget elementor-widget-image\" data-id=\"21cb899\" data-element_type=\"widget\" data-widget_type=\"image.default\">\n\t\t\t\t<div class=\"elementor-widget-container\">\n\t\t\t\t\t\t\t\t\t\t\t\t\t\t\t<img loading=\"lazy\" decoding=\"async\" width=\"1000\" height=\"667\" src=\"https:\/\/www.le-renaissance.com\/wp-content\/uploads\/2024\/04\/23876.jpg\" class=\"attachment-large size-large wp-image-4389\" alt=\"\" srcset=\"https:\/\/www.le-renaissance.com\/wp-content\/uploads\/2024\/04\/23876.jpg 1000w, https:\/\/www.le-renaissance.com\/wp-content\/uploads\/2024\/04\/23876-300x200.jpg 300w, https:\/\/www.le-renaissance.com\/wp-content\/uploads\/2024\/04\/23876-768x512.jpg 768w, https:\/\/www.le-renaissance.com\/wp-content\/uploads\/2024\/04\/23876-18x12.jpg 18w, https:\/\/www.le-renaissance.com\/wp-content\/uploads\/2024\/04\/23876-600x400.jpg 600w\" sizes=\"(max-width: 1000px) 100vw, 1000px\" \/>\t\t\t\t\t\t\t\t\t\t\t\t\t\t\t<\/div>\n\t\t\t\t<\/div>\n\t\t\t\t<\/div>\n\t\t\t\t\t<\/div>\n\t\t\t\t<\/div>\n\t\t\t\t<\/div>","protected":false},"excerpt":{"rendered":"<p>Hotel de Golf Renaissance en Mont de Marsan. Descubra el sitio. El Campo de Golf Mont de Marsan, ubicado en Saint-Avit, en la regi\u00f3n de las Landas, es un magn\u00edfico campo que ofrece una experiencia \u00fanica a los aficionados al golf. Con sus pintorescos paisajes y su entorno natural preservado, este club de golf atrae a jugadores [\u2026]<\/p>","protected":false},"author":1,"featured_media":0,"parent":0,"menu_order":0,"comment_status":"closed","ping_status":"closed","template":"elementor_theme","meta":{"_seopress_robots_primary_cat":"","_seopress_titles_title":"","_seopress_titles_desc":"","_seopress_robots_index":"","site-sidebar-layout":"no-sidebar","site-content-layout":"","ast-site-content-layout":"full-width-container","site-content-style":"default","site-sidebar-style":"default","ast-global-header-display":"","ast-banner-title-visibility":"","ast-main-header-display":"","ast-hfb-above-header-display":"","ast-hfb-below-header-display":"","ast-hfb-mobile-header-display":"","site-post-title":"disabled","ast-breadcrumbs-content":"","ast-featured-img":"disabled","footer-sml-layout":"","ast-disable-related-posts":"","theme-transparent-header-meta":"","adv-header-id-meta":"","stick-header-meta":"","header-above-stick-meta":"","header-main-stick-meta":"","header-below-stick-meta":"","astra-migrate-meta-layouts":"default","ast-page-background-enabled":"default","ast-page-background-meta":{"desktop":{"background-color":"var(--ast-global-color-4)","background-image":"","background-repeat":"repeat","background-position":"center center","background-size":"auto","background-attachment":"scroll","background-type":"","background-media":"","overlay-type":"","overlay-color":"","overlay-opacity":"","overlay-gradient":""},"tablet":{"background-color":"","background-image":"","background-repeat":"repeat","background-position":"center center","background-size":"auto","background-attachment":"scroll","background-type":"","background-media":"","overlay-type":"","overlay-color":"","overlay-opacity":"","overlay-gradient":""},"mobile":{"background-color":"","background-image":"","background-repeat":"repeat","background-position":"center center","background-size":"auto","background-attachment":"scroll","background-type":"","background-media":"","overlay-type":"","overlay-color":"","overlay-opacity":"","overlay-gradient":""}},"ast-content-background-meta":{"desktop":{"background-color":"var(--ast-global-color-5)","background-image":"","background-repeat":"repeat","background-position":"center center","background-size":"auto","background-attachment":"scroll","background-type":"","background-media":"","overlay-type":"","overlay-color":"","overlay-opacity":"","overlay-gradient":""},"tablet":{"background-color":"var(--ast-global-color-5)","background-image":"","background-repeat":"repeat","background-position":"center center","background-size":"auto","background-attachment":"scroll","background-type":"","background-media":"","overlay-type":"","overlay-color":"","overlay-opacity":"","overlay-gradient":""},"mobile":{"background-color":"var(--ast-global-color-5)","background-image":"","background-repeat":"repeat","background-position":"center center","background-size":"auto","background-attachment":"scroll","background-type":"","background-media":"","overlay-type":"","overlay-color":"","overlay-opacity":"","overlay-gradient":""}},"footnotes":""},"class_list":["post-4365","page","type-page","status-publish","hentry"],"_links":{"self":[{"href":"https:\/\/www.le-renaissance.com\/es\/wp-json\/wp\/v2\/pages\/4365","targetHints":{"allow":["GET"]}}],"collection":[{"href":"https:\/\/www.le-renaissance.com\/es\/wp-json\/wp\/v2\/pages"}],"about":[{"href":"https:\/\/www.le-renaissance.com\/es\/wp-json\/wp\/v2\/types\/page"}],"author":[{"embeddable":true,"href":"https:\/\/www.le-renaissance.com\/es\/wp-json\/wp\/v2\/users\/1"}],"replies":[{"embeddable":true,"href":"https:\/\/www.le-renaissance.com\/es\/wp-json\/wp\/v2\/comments?post=4365"}],"version-history":[{"count":0,"href":"https:\/\/www.le-renaissance.com\/es\/wp-json\/wp\/v2\/pages\/4365\/revisions"}],"wp:attachment":[{"href":"https:\/\/www.le-renaissance.com\/es\/wp-json\/wp\/v2\/media?parent=4365"}],"curies":[{"name":"wp","href":"https:\/\/api.w.org\/{rel}","templated":true}]}}